{"id":33501,"date":"2025-11-09T20:42:39","date_gmt":"2025-11-09T20:42:39","guid":{"rendered":"https:\/\/maksymilianratajczyk.pl\/4office-demo\/?page_id=33501"},"modified":"2025-12-24T23:10:20","modified_gmt":"2025-12-24T23:10:20","slug":"visual-composer-33501","status":"publish","type":"page","link":"https:\/\/maksymilianratajczyk.pl\/4office-demo\/","title":{"rendered":"Strona G\u0142\u00f3wna Sklepu &#8211; Template"},"content":{"rendered":"<div class=\"cgd-discount-banner cgd-discount-banner-login\">\n                <div class=\"cgd-banner-icon\">\ud83d\udd10<\/div>\n                <div class=\"cgd-banner-content\">\n                    <span class=\"cgd-banner-text\">Zaloguj si\u0119, aby zobaczy\u0107 swoj\u0105 ofert\u0119<\/span>\n                <\/div>\n                <a href=\"https:\/\/maksymilianratajczyk.pl\/4office-demo\/index.php\/moje-konto\/\" class=\"cgd-banner-button\">Zaloguj si\u0119<\/a>\n            <\/div>\n","protected":false},"excerpt":{"rendered":"\ud83d\udd10 Zaloguj si\u0119, aby zobaczy\u0107 swoj\u0105 ofert\u0119 Zaloguj si\u0119","protected":false},"author":1,"featured_media":0,"parent":0,"menu_order":0,"comment_status":"closed","ping_status":"closed","template":"template-homepage-v2.php","meta":{"_acf_changed":false,"footnotes":""},"class_list":["post-33501","page","type-page","status-publish","hentry"],"acf":[],"_links":{"self":[{"href":"https:\/\/maksymilianratajczyk.pl\/4office-demo\/index.php\/wp-json\/wp\/v2\/pages\/33501","targetHints":{"allow":["GET"]}}],"collection":[{"href":"https:\/\/maksymilianratajczyk.pl\/4office-demo\/index.php\/wp-json\/wp\/v2\/pages"}],"about":[{"href":"https:\/\/maksymilianratajczyk.pl\/4office-demo\/index.php\/wp-json\/wp\/v2\/types\/page"}],"author":[{"embeddable":true,"href":"https:\/\/maksymilianratajczyk.pl\/4office-demo\/index.php\/wp-json\/wp\/v2\/users\/1"}],"replies":[{"embeddable":true,"href":"https:\/\/maksymilianratajczyk.pl\/4office-demo\/index.php\/wp-json\/wp\/v2\/comments?post=33501"}],"version-history":[{"count":8,"href":"https:\/\/maksymilianratajczyk.pl\/4office-demo\/index.php\/wp-json\/wp\/v2\/pages\/33501\/revisions"}],"predecessor-version":[{"id":38784,"href":"https:\/\/maksymilianratajczyk.pl\/4office-demo\/index.php\/wp-json\/wp\/v2\/pages\/33501\/revisions\/38784"}],"wp:attachment":[{"href":"https:\/\/maksymilianratajczyk.pl\/4office-demo\/index.php\/wp-json\/wp\/v2\/media?parent=33501"}],"curies":[{"name":"wp","href":"https:\/\/api.w.org\/{rel}","templated":true}]}}